{"id":1076,"date":"2025-08-07T14:13:15","date_gmt":"2025-08-07T11:13:15","guid":{"rendered":"https:\/\/topodata.gov.md\/?page_id=1076"},"modified":"2026-03-18T16:07:49","modified_gmt":"2026-03-18T13:07:49","slug":"transparenta","status":"publish","type":"page","link":"https:\/\/topodata.gov.md\/?page_id=1076&lang=ro","title":{"rendered":"Cadru normativ"},"content":{"rendered":"\n<div class=\"wp-block-group has-global-padding is-layout-constrained wp-block-group-is-layout-constrained\" style=\"padding-top:var(--wp--preset--spacing--30);padding-bottom:var(--wp--preset--spacing--30)\">\n<div class=\"wp-block-esab-accordion esab-rxrbzifk nested-accordion\" data-mode=\"individual\" data-close=\"true\"><div class=\"esab__container\">\n<div class=\"wp-block-esab-accordion-child\"><div class=\"esab__head\" role=\"button\" aria-expanded=\"false\"><div class=\"esab__heading_txt\"><p class=\"esab__heading_tag\">Legi<\/p><\/div><div class=\"esab__icon\"><div class=\"esab__collapse\"> <svg version=\"1.2\" viewBox=\"0 0 24 24\" width=\"24\" height=\"24\"><path d=\"m11.3 3.6h1.4q0.2 0 0.2 0.1v16.6q0 0.1-0.2 0.1h-1.4q-0.2 0-0.2-0.2v-16.5q0-0.1 0.2-0.1z\"><\/path><path d=\"m4.1 11.1h15.8q0.2 0 0.2 0.2v1.4q0 0.2-0.2 0.2h-15.8q-0.2 0-0.2-0.2v-1.4q0-0.2 0.2-0.2z\"><\/path><\/svg> <\/div><div class=\"esab__expand\"> <svg version=\"1.2\" viewBox=\"0 0 24 24\" width=\"24\" height=\"24\"><path d=\"m11.3 3.6h1.4q0.2 0 0.2 0.1v16.6q0 0.1-0.2 0.1h-1.4q-0.2 0-0.2-0.2v-16.5q0-0.1 0.2-0.1z\"><\/path><path d=\"m4.1 11.1h15.8q0.2 0 0.2 0.2v1.4q0 0.2-0.2 0.2h-15.8q-0.2 0-0.2-0.2v-1.4q0-0.2 0.2-0.2z\"><\/path><\/svg> <\/div><\/div><\/div><div class=\"esab__body\">\n<ul style=\"font-size:clamp(0.875em, 0.875rem + ((1vw - 0.2em) * 0.208), 1em);\" class=\"wp-block-list is-style-checkmark-list has-body-font-family\">\n<li style=\"margin-top:var(--wp--preset--spacing--10);margin-bottom:var(--wp--preset--spacing--10)\"><a href=\"https:\/\/www.legis.md\/cautare\/getResults?doc_id=140846&amp;lang=ro\"><\/a><a href=\"https:\/\/www.legis.md\/cautare\/getResults?doc_id=143238&amp;lang=ro\">Legea Nr. 103\/2024 cu privire la denumirile geografice<\/a><\/li>\n\n\n\n<li style=\"margin-top:var(--wp--preset--spacing--10);margin-bottom:var(--wp--preset--spacing--10)\"><a href=\"https:\/\/www.legis.md\/cautare\/getResults?doc_id=56714&amp;lang=ro\"><\/a><a href=\"https:\/\/www.legis.md\/cautare\/getResults?doc_id=146785&amp;lang=ro\">Dispozi\u021bia Guvernului Nr.4\/2025 pentru aprobarea Regulamentului privind organizarea \u0219i func\u021bionarea Comisiei na\u021bionale pentru denumiri geografice, precum \u0219i a componen\u021bei acesteia<\/a><\/li>\n\n\n\n<li style=\"margin-top:var(--wp--preset--spacing--10);margin-bottom:var(--wp--preset--spacing--10)\"><a href=\"https:\/\/www.legis.md\/cautare\/getResults?doc_id=56714&amp;lang=ro\"><\/a><a href=\"https:\/\/www.legis.md\/cautare\/getResults?doc_id=146785&amp;lang=ro\"><\/a><a href=\"https:\/\/www.legis.md\/cautare\/getResults?doc_id=120848&amp;lang=ro\">Legea nr. 254\/2016 cu privire la infrastructura na\u0163ional\u0103 de date spa\u0163iale<\/a><\/li>\n\n\n\n<li><a href=\"https:\/\/www.legis.md\/cautare\/getResults?doc_id=147692&amp;lang=ro\">Legea nr. 778\/2001 cu privire la geodezie, cartografie \u0219i geoinformatic\u0103<\/a><\/li>\n<\/ul>\n<\/div><\/div>\n\n\n\n<div class=\"wp-block-esab-accordion-child\"><div class=\"esab__head\" role=\"button\" aria-expanded=\"false\"><div class=\"esab__heading_txt\"><p class=\"esab__heading_tag\">Hot\u0103r\u00e2ri de guvern<\/p><\/div><div class=\"esab__icon\"><div class=\"esab__collapse\"> <svg version=\"1.2\" viewBox=\"0 0 24 24\" width=\"24\" height=\"24\"><path d=\"m11.3 3.6h1.4q0.2 0 0.2 0.1v16.6q0 0.1-0.2 0.1h-1.4q-0.2 0-0.2-0.2v-16.5q0-0.1 0.2-0.1z\"><\/path><path d=\"m4.1 11.1h15.8q0.2 0 0.2 0.2v1.4q0 0.2-0.2 0.2h-15.8q-0.2 0-0.2-0.2v-1.4q0-0.2 0.2-0.2z\"><\/path><\/svg> <\/div><div class=\"esab__expand\"> <svg version=\"1.2\" viewBox=\"0 0 24 24\" width=\"24\" height=\"24\"><path d=\"m11.3 3.6h1.4q0.2 0 0.2 0.1v16.6q0 0.1-0.2 0.1h-1.4q-0.2 0-0.2-0.2v-16.5q0-0.1 0.2-0.1z\"><\/path><path d=\"m4.1 11.1h15.8q0.2 0 0.2 0.2v1.4q0 0.2-0.2 0.2h-15.8q-0.2 0-0.2-0.2v-1.4q0-0.2 0.2-0.2z\"><\/path><\/svg> <\/div><\/div><\/div><div class=\"esab__body\">\n<ul style=\"font-size:clamp(0.875em, 0.875rem + ((1vw - 0.2em) * 0.208), 1em);\" class=\"wp-block-list is-style-checkmark-list has-body-font-family\">\n<li style=\"margin-top:var(--wp--preset--spacing--10);margin-bottom:var(--wp--preset--spacing--10)\"><a href=\"https:\/\/www.legis.md\/cautare\/getResults?doc_id=140846&amp;lang=ro\">Hot\u0103r\u00e2rea Guvernului Nr. 229\/2023 cu privire la aprobarea Conceptului Sistemului informa\u021bional geografic de stat \u201eRegistrul de stat al lucr\u0103rilor topografo-geodezice\u201d<\/a><\/li>\n\n\n\n<li style=\"margin-top:var(--wp--preset--spacing--10);margin-bottom:var(--wp--preset--spacing--10)\"><a href=\"https:\/\/www.legis.md\/cautare\/getResults?doc_id=56714&amp;lang=ro\">Hot\u0103r\u00e2rea Guvernului Nr.999\/2006 ,,Cu privire la sistemul de \u00eemp\u0103r\u021bire pe foi \u0219i nomenclatura h\u0103r\u021bilor \u0219i planurilor topografice \u00een Republica Moldova\u201d<\/a><\/li>\n\n\n\n<li style=\"margin-top:var(--wp--preset--spacing--10);margin-bottom:var(--wp--preset--spacing--10)\"><a href=\"https:\/\/www.legis.md\/cautare\/getResults?doc_id=83895&amp;lang=ro\">Hot\u0103r\u00e2rea Guvernului Nr. 29\/1994 Pentru aprobarea Regulamentului cu privire la protec\u021bia punctelor geodezice pe teritoriul Republicii Moldova<\/a><\/li>\n\n\n\n<li style=\"margin-top:var(--wp--preset--spacing--10);margin-bottom:var(--wp--preset--spacing--10)\"><a href=\"https:\/\/www.legis.md\/cautare\/getResults?doc_id=140810&amp;lang=ro\">HG nr. 65\/2007 pu aprobarea Nomenclatorului \u015fi tarifelor serviciilor cu plat\u0103 \u015fi a Regulamentului privind modul de formare \u015fi utilizare a mijloacelor speciale ale ARFC provenite din furnizarea materialelor topogeodezice \u015fi cartografice FNDG<\/a><\/li>\n\n\n\n<li style=\"margin-top:var(--wp--preset--spacing--10);margin-bottom:var(--wp--preset--spacing--10)\"><a href=\"https:\/\/www.legis.md\/cautare\/getResults?doc_id=124118&amp;lang=ro\">Hot\u0103r\u00e2rea Guvernului Nr.817\/2020 pentru aprobarea Regulamentului cu privire la certificarea speciali\u015ftilor \u00een domeniile geodeziei, cartografiei, prospec\u0163iunilor topografice, geoinformaticii, evalu\u0103rii bunurilor imobile \u015fi cadastrului<\/a><\/li>\n\n\n\n<li style=\"margin-top:var(--wp--preset--spacing--10);margin-bottom:var(--wp--preset--spacing--10)\"><a href=\"https:\/\/www.legis.md\/cautare\/getResults?doc_id=147321&amp;lang=ro\">Hot\u0103r\u00e2rea Guvernului Nr. 100\/2025 pentru aprobarea Conceptului Sistemului informa\u021bional \u201eRegistrul denumirilor geografice\u201d<\/a><\/li>\n\n\n\n<li style=\"margin-top:var(--wp--preset--spacing--10);margin-bottom:var(--wp--preset--spacing--10)\"><a href=\"https:\/\/www.legis.md\/cautare\/getResults?doc_id=124277&amp;lang=ro\">Hot\u0103r\u00e2rea Guvernului Nr.731\/1997 cu privire la aprobarea Regulamentului Fondului Na\u021bional de Date Geospa\u021biale (F.N.D.G.)<\/a><\/li>\n\n\n\n<li style=\"margin-top:var(--wp--preset--spacing--10);margin-bottom:var(--wp--preset--spacing--10)\"><a href=\"https:\/\/www.legis.md\/cautare\/getResults?doc_id=140797&amp;lang=ro\">Hot\u0103r\u00e2rea Guvernului Nr. 48\/2001 pentru aprobarea Regulamentului cu privire la re\u0163eaua geodezic\u0103 na\u0163ional\u0103<\/a><\/li>\n\n\n\n<li style=\"margin-top:var(--wp--preset--spacing--10);margin-bottom:var(--wp--preset--spacing--10)\"><a href=\"https:\/\/www.legis.md\/cautare\/getResults?doc_id=140816&amp;lang=ro\">Hot\u0103r\u00e2rea Guvernului Nr. 307\/2011 cu privire la Sistemul Na\u0163ional de Pozi\u0163ionare<\/a><\/li>\n\n\n\n<li style=\"margin-top:var(--wp--preset--spacing--10);margin-bottom:var(--wp--preset--spacing--10)\"><a href=\"https:\/\/www.legis.md\/cautare\/getResults?doc_id=148011&amp;lang=ro\">Hot\u0103r\u00e2rea Guvernului Nr.94\/2025 cu privire la aprobarea Conceptului Atlasului Na\u021bional al Republicii Moldova<\/a><\/li>\n\n\n\n<li style=\"margin-top:var(--wp--preset--spacing--10);margin-bottom:var(--wp--preset--spacing--10)\"><a href=\"https:\/\/www.legis.md\/cautare\/getResults?doc_id=147606&amp;lang=ro\">Hot\u0103r\u00e2rea Guvernului Nr. 118\/2025 pentru aprobarea Regulamentului cu privire la modalitatea de \u021binere a Registrului de stat al lucr\u0103rilor topografo-geodezice, inclusiv mecanismul de \u00eenregistrare \u0219i eliberare a informa\u021biei din Registru<\/a><\/li>\n\n\n\n<li style=\"margin-top:var(--wp--preset--spacing--10);margin-bottom:var(--wp--preset--spacing--10)\"><a href=\"https:\/\/www.legis.md\/cautare\/getResults?doc_id=140799&amp;lang=ro\">Hot\u0103r\u00e2rea Guvernului Nr.567\/2003 privind organizarea \u015fi asigurarea tehnico-material\u0103 a lucr\u0103rilor de demarcare a frontierei de stat \u00eentre Republica Moldova \u015fi Ucraina<\/a><\/li>\n\n\n\n<li style=\"margin-top:var(--wp--preset--spacing--10);margin-bottom:var(--wp--preset--spacing--10)\"><a href=\"https:\/\/www.legis.md\/cautare\/getResults?doc_id=148013&amp;lang=ro\">Dispozi\u021bia Guvernului Nr. 54\/2025 pentru aprobarea Regulamentului privind organizarea \u0219i func\u021bionarea Colegiului editorial al Atlasului Na\u021bional al Republicii Moldova, precum \u0219i a componen\u021bei acestuia<\/a><\/li>\n<\/ul>\n<\/div><\/div>\n\n\n\n<div class=\"wp-block-esab-accordion-child\"><div class=\"esab__head\" role=\"button\" aria-expanded=\"false\"><div class=\"esab__heading_txt\"><p class=\"esab__heading_tag\">Alte acte departamentale<\/p><\/div><div class=\"esab__icon\"><div class=\"esab__collapse\"> <svg version=\"1.2\" viewBox=\"0 0 24 24\" width=\"24\" height=\"24\"><path d=\"m11.3 3.6h1.4q0.2 0 0.2 0.1v16.6q0 0.1-0.2 0.1h-1.4q-0.2 0-0.2-0.2v-16.5q0-0.1 0.2-0.1z\"><\/path><path d=\"m4.1 11.1h15.8q0.2 0 0.2 0.2v1.4q0 0.2-0.2 0.2h-15.8q-0.2 0-0.2-0.2v-1.4q0-0.2 0.2-0.2z\"><\/path><\/svg> <\/div><div class=\"esab__expand\"> <svg version=\"1.2\" viewBox=\"0 0 24 24\" width=\"24\" height=\"24\"><path d=\"m11.3 3.6h1.4q0.2 0 0.2 0.1v16.6q0 0.1-0.2 0.1h-1.4q-0.2 0-0.2-0.2v-16.5q0-0.1 0.2-0.1z\"><\/path><path d=\"m4.1 11.1h15.8q0.2 0 0.2 0.2v1.4q0 0.2-0.2 0.2h-15.8q-0.2 0-0.2-0.2v-1.4q0-0.2 0.2-0.2z\"><\/path><\/svg> <\/div><\/div><\/div><div class=\"esab__body\">\n<ul style=\"font-size:clamp(0.875em, 0.875rem + ((1vw - 0.2em) * 0.208), 1em);\" class=\"wp-block-list is-style-checkmark-list has-body-font-family\">\n<li style=\"margin-top:var(--wp--preset--spacing--10);margin-bottom:var(--wp--preset--spacing--10)\"><a href=\"https:\/\/www.legis.md\/cautare\/getResults?doc_id=140846&amp;lang=ro\"><\/a><a href=\"https:\/\/www.legis.md\/cautare\/getResults?doc_id=143238&amp;lang=ro\"><\/a><a href=\"https:\/\/www.legis.md\/cautare\/getResults?doc_id=96763&amp;lang=ro\">ORDIN Nr. 154\/2016 cu privire la aprobarea Atlasului de semne conven\u021bionale pentru planurile topografice la sc\u0103rile 1:5 000; 1:2 000; 1:1 000; 1:500<\/a><\/li>\n\n\n\n<li style=\"margin-top:var(--wp--preset--spacing--10);margin-bottom:var(--wp--preset--spacing--10)\"><a href=\"https:\/\/www.legis.md\/cautare\/getResults?doc_id=119950&amp;lang=ro\">ORDIN Nr. 73\/2003 cu privire la aprobarea actelor normative<\/a><\/li>\n\n\n\n<li><a href=\"https:\/\/www.agcc.gov.md\/content\/legisla%C8%9Bia\"><\/a><a href=\"https:\/\/www.legis.md\/cautare\/getResults?doc_id=90940&amp;lang=ro\">ORDIN Nr. 16\/2016 cu privire la aprobarea Catalogului coordonatelor punctelor re\u0163elei geodezice na\u021bionale de ordinul 0, 1 \u015fi 2 al Republicii Moldova<\/a><\/li>\n\n\n\n<li style=\"margin-top:var(--wp--preset--spacing--10);margin-bottom:var(--wp--preset--spacing--10)\"><a href=\"https:\/\/www.agcc.gov.md\/content\/legisla%C8%9Bia\">ORDIN nr.39\/2025 cu privire la aprobarea componen\u021bei nominale a Comisiei na\u021bionale pentru denumiri geografice<\/a><\/li>\n\n\n\n<li><a href=\"https:\/\/www.legis.md\/cautare\/getResults?doc_id=125280&amp;lang=ro\">ORDIN Nr. 01 din 11-01-2021 cu privire la instituirea Comisiilor de certificare \u015fi Comisiilor de examinare a contesta\u0163iilor<\/a><\/li>\n\n\n\n<li style=\"margin-top:var(--wp--preset--spacing--10);margin-bottom:var(--wp--preset--spacing--10)\"><a href=\"https:\/\/www.agcc.gov.md\/content\/legisla%C8%9Bia\">ORDIN nr.53\/2025 cu privire la aprobarea componen\u021bei nominale a Colegiului editorial al Atlasului Na\u021bional al Republicii Moldova<\/a><\/li>\n\n\n\n<li><a href=\"https:\/\/www.legis.md\/cautare\/getResults?doc_id=78521&amp;lang=ro\">ORDIN Nr. 11\/2015 cu privire la aprobarea Atlasului de semne conven\u021bionale pentru h\u0103r\u021bile topografice la scara 1:50 000<\/a><\/li>\n\n\n\n<li style=\"margin-top:var(--wp--preset--spacing--10);margin-bottom:var(--wp--preset--spacing--10)\"><a href=\"https:\/\/www.agcc.gov.md\/content\/legisla%C8%9Bia\">ORDIN Nr. 37\/2023 cu privire la atestarea anual\u0103 a re\u021belei de sta\u021bii permanente ale Sistemului Na\u021bional de Pozi\u021bionare Moldpos<\/a><\/li>\n\n\n\n<li><a href=\"https:\/\/www.legis.md\/cautare\/getResults?doc_id=91730&amp;lang=ro\">ORDIN Nr.32\/2016 privind aprobarea Instruc\u021biunii cu privire la modul de executare observa\u021biilor cu utilizarea sistemului satelitar de navigare global\u0103 (GNSS)<\/a><\/li>\n\n\n\n<li style=\"margin-top:var(--wp--preset--spacing--10);margin-bottom:var(--wp--preset--spacing--10)\"><a href=\"https:\/\/www.legis.md\/cautare\/getResults?doc_id=90385&amp;lang=ro\">ORDIN Nr.185\/2001 cu privire la aprobarea actelor normative<\/a><\/li>\n\n\n\n<li><a href=\"https:\/\/www.agcc.gov.md\/content\/legisla%C8%9Bia\">Anexa Ordin nr 128\/2015 Tabelul de coordonate \u015fi altitudini a sta\u0163iilor permanente GNSS<\/a><\/li>\n\n\n\n<li style=\"margin-top:var(--wp--preset--spacing--10);margin-bottom:var(--wp--preset--spacing--10)\"><a href=\"https:\/\/www.legis.md\/cautare\/getResults?doc_id=78212&amp;lang=ro\">ORDIN Nr.39\/2015 cu privire la aprobarea provizorie a modelului Cvasigeoidului pentru teritoriul Republicii Moldova<\/a><\/li>\n\n\n\n<li><a href=\"https:\/\/www.legis.md\/cautare\/getResults?doc_id=92172&amp;lang=ro\">ORDIN Nr.48\/2016 cu privire la aprobarea Indicatorului pentru lucr\u0103rile topografo-geodezice \u015fi cartografice<\/a><\/li>\n\n\n\n<li style=\"margin-top:var(--wp--preset--spacing--10);margin-bottom:var(--wp--preset--spacing--10)\"><a href=\"https:\/\/www.legis.md\/cautare\/getResults?doc_id=99975&amp;lang=ro\">Ordin Nr. 66\/2016 cu privire la aprobarea modelului raportului lucr\u0103rilor topografo-geodezice pentru crearea cadastrului<\/a><\/li>\n\n\n\n<li><a href=\"https:\/\/www.legis.md\/cautare\/getResults?doc_id=86763&amp;lang=ro\">ORDIN Nr. 99\/2002 referitor la aprobarea Instruc\u021biunii cu privire la condi\u021biile tehnice de p\u0103strare a documentelor pe suport de h\u00e2rtie ale Fondului Arhivistic al Republicii Moldova<\/a><\/li>\n\n\n\n<li style=\"margin-top:var(--wp--preset--spacing--10);margin-bottom:var(--wp--preset--spacing--10)\"><a href=\"https:\/\/www.agcc.gov.md\/content\/legisla%C8%9Bia\">ORDIN Nr. 41\/2016 cu privire la \u00eenregistrarea \u00een Catalogul sta\u021biilor permanente GNSS a re\u021belei de sta\u021bii permanente \u00een Sistemul Na\u021bional de Pozi\u021bionare Moldpos<\/a><\/li>\n\n\n\n<li><a href=\"https:\/\/www.legis.md\/cautare\/getResults?doc_id=89926&amp;lang=ro\">ORDIN Nr. 128\/2015 cu privire la aprobarea Catalogului sta\u021biilor permanente GNSS pentru teritoriul Republicii Moldova<\/a><\/li>\n<\/ul>\n<\/div><\/div>\n<\/div><\/div>\n<\/div>\n","protected":false},"excerpt":{"rendered":"","protected":false},"author":1,"featured_media":0,"parent":0,"menu_order":0,"comment_status":"closed","ping_status":"closed","template":"","meta":{"footnotes":""},"class_list":["post-1076","page","type-page","status-publish","hentry"],"_links":{"self":[{"href":"https:\/\/topodata.gov.md\/index.php?rest_route=\/wp\/v2\/pages\/1076","targetHints":{"allow":["GET"]}}],"collection":[{"href":"https:\/\/topodata.gov.md\/index.php?rest_route=\/wp\/v2\/pages"}],"about":[{"href":"https:\/\/topodata.gov.md\/index.php?rest_route=\/wp\/v2\/types\/page"}],"author":[{"embeddable":true,"href":"https:\/\/topodata.gov.md\/index.php?rest_route=\/wp\/v2\/users\/1"}],"replies":[{"embeddable":true,"href":"https:\/\/topodata.gov.md\/index.php?rest_route=%2Fwp%2Fv2%2Fcomments&post=1076"}],"version-history":[{"count":55,"href":"https:\/\/topodata.gov.md\/index.php?rest_route=\/wp\/v2\/pages\/1076\/revisions"}],"predecessor-version":[{"id":2199,"href":"https:\/\/topodata.gov.md\/index.php?rest_route=\/wp\/v2\/pages\/1076\/revisions\/2199"}],"wp:attachment":[{"href":"https:\/\/topodata.gov.md\/index.php?rest_route=%2Fwp%2Fv2%2Fmedia&parent=1076"}],"curies":[{"name":"wp","href":"https:\/\/api.w.org\/{rel}","templated":true}]}}