{"id":13,"date":"2024-12-16T02:48:06","date_gmt":"2024-12-15T23:48:06","guid":{"rendered":"http:\/\/localhost\/?page_id=13"},"modified":"2026-01-19T17:08:25","modified_gmt":"2026-01-19T14:08:25","slug":"pagina-de-harta","status":"publish","type":"page","link":"https:\/\/topodata.gov.md\/?page_id=13&lang=ro","title":{"rendered":"Pagina de harta"},"content":{"rendered":"<div id=\"map\"><\/div>\n\n\n<p><!-- \u041f\u0430\u043d\u0435\u043b\u044c \u0443\u043f\u0440\u0430\u0432\u043b\u0435\u043d\u0438\u044f --><\/p>\n<div id=\"toolbar\">\n<div style=\"display: none;\"><button id=\"zoom-in\">\u0423\u0432\u0435\u043b\u0438\u0447\u0438\u0442\u044c<\/button><br \/><button id=\"zoom-out\">\u0423\u043c\u0435\u043d\u044c\u0448\u0438\u0442\u044c<\/button><br \/><button id=\"reset-view\">\u0421\u0431\u0440\u043e\u0441\u0438\u0442\u044c \u0432\u0438\u0434<\/button><\/div>\n<\/div>\n<div id=\"icon-bar\"><button id=\"draw-polygon-button\">+<\/button><button id=\"draw-polygon-button2\" class=\"icon-btn\"><br \/><i class=\"fa-solid fa-user\"><\/i><br \/><\/button><!--br \/--><button id=\"crop-button\" style=\"margin-left: 20px;\">CROP<\/button>\n\n<!-- \u041d\u043e\u0432\u044b\u0435 \u0440\u0435\u0436\u0438\u043c\u044b \u0432\u044b\u0434\u0435\u043b\u0435\u043d\u0438\u044f -->\n<button id=\"deep-select-button\"   title=\"Selectare avansat\u0103 (punct)\"  style=\"margin-left: 12px;\">\u25cf<\/button>\n<button id=\"sector-select-button\" title=\"Selectare avansat\u0103 (poligon)\"  style=\"margin-left: 8px;\">\u25b0<\/button>\n\n<\/div>\n<p>.<br \/><!-- \u041f\u0430\u043d\u0435\u043b\u044c \u0430\u0442\u0440\u0438\u0431\u0443\u0442\u043e\u0432 --><\/p>\n<div id=\"map\" style=\"width: 0%; height: 0%;\">\u00a0<\/div>\n<div id=\"info-box\" class=\"ol-info\">\u00a0<\/div>\n<div id=\"attribute-display\" style=\"display: none;\"><!--ul>        \n\n\n\n<li>\n            <strong>zl_id:<\/strong>\n            <input type=\"number\" id=\"zl_id\" value=\"123\" disabled>\n        <\/li>\n\n     \n\n\n<li>\n            <strong>zl_topo_type:<\/strong>\n            <select id=\"zl_topo_type\" disabled>\n                <!-- \u0417\u0434\u0435\u0441\u044c \u0431\u0443\u0434\u0443\u0442 \u0434\u043e\u0431\u0430\u0432\u043b\u0435\u043d\u044b \u043e\u043f\u0446\u0438\u0438 \u0441 \u0442\u0438\u043f\u0430\u043c\u0438 \u0438\u0437 \u0431\u0430\u0437\u044b \u0434\u0430\u043d\u043d\u044b\u0445 -->\u0412\u044b\u0431\u0435\u0440\u0438\u0442\u0435 \u0442\u0438\u043f\n<ul>\n<li><strong>zl_topo_descr:<\/strong><br \/><input id=\"zl_topo_descr\" type=\"text\" value=\"\u041e\u043f\u0438\u0441\u0430\u043d\u0438\u0435 \u043e\u0431\u044a\u0435\u043a\u0442\u0430\" \/><\/li>\n<li><strong>zl_topo_user_id:<\/strong><br \/><input id=\"zl_topo_user_id\" type=\"number\" value=\"456\" \/><\/li>\n<li><strong>zl_status:<\/strong><br \/><input id=\"zl_status\" checked=\"checked\" type=\"checkbox\" \/><\/li>\n<\/ul>\n<\/div>\n<p><!--div id=\"ad-info-block\" style=\"margin-top: 20px;\">\n\n\n\n<div id=\"ad-info-content\"><\/div>\n\n\n\n<\/div--><\/p>\n<p><!-- \u041f\u0430\u043d\u0435\u043b\u044c \u043a\u043d\u043e\u043f\u043e\u043a \u0443\u043f\u0440\u0430\u0432\u043b\u0435\u043d\u0438\u044f --><\/p>\n<div id=\"attribute-controls\" style=\"display: none;\"><button id=\"edit-button\" style=\"display: none; margin-right: 20px;\">Schimb\u0103<\/button><button id=\"save-button\" style=\"display: none; margin-right: 20px;\">Salveaz\u0103<\/button><button id=\"submit-button\" style=\"display: none; margin-right: 20px;\">Transmite<\/button><button id=\"delete-button\" style=\"display: none; margin-right: 20px;\">\u015eterge<\/button><button id=\"cancel-button\" style=\"display: none; margin-right: 20px;\">Anuleaz\u0103<\/button><button id=\"process-button\">Solicit\u0103ri<\/button><\/div>\n<p><!-- \u0422\u0430\u0431\u043b\u0438\u0446\u0430 \u043f\u043e\u0438\u0441\u043a\u0430 --><\/p>\n<div class=\"wrap\">\n<div class=\"pg-tabs\">\n<ul class=\"pg-tabs-nav nav-tab-wrapper\">\n<li class=\"nav-tab nav-tab-active\" data-tab=\"work-zones\">Zone de lucru<\/li>\n<!--li class=\"nav-tab\" data-tab=\"requests\">Solicit\u0103ri<\/li-->\n<\/ul>\n<p><!-- \u0424\u0438\u043b\u044c\u0442\u0440 \u043f\u043e\u0438\u0441\u043a\u0430 \u0434\u043b\u044f \u0417\u043e\u043d\u044b \u0440\u0430\u0431\u043e\u0442 --><\/p>\n<div id=\"filter-container\">\n<div id=\"work-zones-filter\" class=\"filter-block active\"><input id=\"work-zones-search\" type=\"text\" placeholder=\"Dup\u0103 adresa, descriere \u0219i num\u0103rul \u00eenregistr\u0103rii\" \/><label for=\"start-date\">De la:<\/label><input id=\"start-date\" type=\"date\" \/><label for=\"end-date\">P\u00een\u0103 la:<\/label><input id=\"end-date\" type=\"date\" \/><br \/><br \/><button id=\"work-zones-search-btn\">C\u0103utare<\/button><\/div>\n<p><!-- \u0424\u0438\u043b\u044c\u0442\u0440 \u0434\u043b\u044f \u0437\u0430\u044f\u0432\u043e\u043a --><\/p>\n<!--div id=\"requests-filter\" class=\"filter-block\"><input id=\"requests-address\" type=\"text\" placeholder=\"Dup\u0103 adresa\" \/>\n<p><label for=\"start-date\">De la:<\/label><br \/><input id=\"start-date\" type=\"date\" \/><br \/><label for=\"end-date\">P\u00een\u0103 la:<\/label><br \/><input id=\"end-date\" type=\"date\" \/><br \/><button id=\"requests-search-btn\" class=\"button\">C\u0103utare<\/button><\/p>\n<\/div-->\n<\/div>\n<p><!-- \u0422\u0430\u0431\u043b\u0438\u0446\u044b --><\/p>\n<div id=\"work-zones\" class=\"pg-tab-content active\">\n<div class=\"table-container\">\n<div id=\"work-zones-table\">\u00a0<\/div>\n<\/div>\n<\/div>\n<!--div id=\"requests\" class=\"pg-tab-content\">\n<div class=\"table-container\">\n<div id=\"requests-table\">\u00a0<\/div>\n<\/div>\n<\/div-->\n<\/div>\n<\/div>\n<p><!-- \u041a\u043e\u043d\u0435\u0446 \u0442\u0430\u0431\u043b\u0438\u0446\u044b \u043f\u043e\u0438\u0441\u043a\u0430 --><br \/><!-- Basemaps --><\/p>\n<div id=\"basemap-switcher\" class=\"basemap-switcher collapsed\"><\/div>\n<div id=\"bottom-panel\"><\/div>\n<p><!-- \u041f\u0430\u043d\u0435\u043b\u044c \u0434\u043b\u044f \u043e\u0442\u043e\u0431\u0440\u0430\u0436\u0435\u043d\u0438\u044f \u0442\u0435\u043a\u0443\u0449\u0438\u0445 \u043a\u043e\u043e\u0440\u0434\u0438\u043d\u0430\u0442 --><\/p>\n<div id=\"coords-panel\">X: 211474.61 Y: 219044.64<\/div>\n<p><!-- \u041f\u0430\u043d\u0435\u043b\u044c \u0434\u043b\u044f \u043e\u0442\u043e\u0431\u0440\u0430\u0436\u0435\u043d\u0438\u044f \u0442\u0435\u043a\u0443\u0449\u0435\u0439 \u043f\u0440\u043e\u0435\u043a\u0446\u0438\u0438 --><\/p>\n<div id=\"projection-panel\">EPSG:4026<\/div>\n<div id=\"zoom-display\">Zoom: 0<\/div>\n<p><!-- \u0424\u043e\u0440\u043c\u0430 \u043e\u0442\u043e\u0431\u0440\u0430\u0436\u0435\u043d\u0438\u044f\/\u0440\u0435\u0434\u0430\u043a\u0442\u0438\u0440\u043e\u0432\u0430\u043d\u0438\u044f \u043f\u0440\u043e\u0446\u0435\u0441\u0441\u043e\u0432 --><\/p>\n<div id=\"process-popup\" class=\"popup\">\n<div class=\"popup-content\">\n<div class=\"loading-spinner\" style=\"display: none;\">\u00a0<\/div>\n<p><span id=\"process-close\" class=\"close\">\u00d7<\/span><\/p>\n<p><!-- \u0412\u043a\u043b\u0430\u0434\u043a\u0438 \u0434\u043b\u044f \u043a\u0430\u0436\u0434\u043e\u0433\u043e \u0423\u0422\u0410 --><\/p>\n<div id=\"uta-tabs\" class=\"tabs\">\n<h2><!--\u0420\u0435\u0434\u0430\u043a\u0442\u0438\u0440\u043e\u0432\u0430\u043d\u0438\u0435 \u0434\u0430\u043d\u043d\u044b\u0445 --><\/h2>\n<p><!-- \u0412\u043a\u043b\u0430\u0434\u043a\u0438 \u0431\u0443\u0434\u0443\u0442 \u0434\u043e\u0431\u0430\u0432\u043b\u044f\u0442\u044c\u0441\u044f \u0434\u0438\u043d\u0430\u043c\u0438\u0447\u0435\u0441\u043a\u0438 --><\/p>\n<\/div>\n<div id=\"uta-tabs-content\"><!-- \u041a\u043e\u043d\u0442\u0435\u043d\u0442 \u0432\u043a\u043b\u0430\u0434\u043a\u0438 \u0431\u0443\u0434\u0435\u0442 \u0434\u043e\u0431\u0430\u0432\u043b\u044f\u0442\u044c\u0441\u044f \u0434\u0438\u043d\u0430\u043c\u0438\u0447\u0435\u0441\u043a\u0438 --><\/div>\n<p><!-- \u041a\u043d\u043e\u043f\u043a\u0438 --><button id=\"add-process-row\" style=\"margin-right: 20px;\">Adaug\u0103 o nou\u0103 intrare<\/button><button id=\"save-all-button\" style=\"margin-right: 20px;\">Salveaz\u0103 toate schimb\u0103rile<\/button><button id=\"cancell-all-button\" style=\"margin-right: 20px;\">Resetare\/Actualizare<\/button><\/p>\n<\/div>\n<\/div>","protected":false},"excerpt":{"rendered":"<p>\u0423\u0432\u0435\u043b\u0438\u0447\u0438\u0442\u044c\u0423\u043c\u0435\u043d\u044c\u0448\u0438\u0442\u044c\u0421\u0431\u0440\u043e\u0441\u0438\u0442\u044c \u0432\u0438\u0434 +CROP \u25cf \u25b0 . \u00a0 \u00a0 \u0412\u044b\u0431\u0435\u0440\u0438\u0442\u0435 \u0442\u0438\u043f zl_topo_descr: zl_topo_user_id: zl_status: Schimb\u0103Salveaz\u0103Transmite\u015etergeAnuleaz\u0103Solicit\u0103ri Zone de lucru De la:P\u00een\u0103 la: C\u0103utare \u00a0 X: 211474.61 Y: 219044.64 EPSG:4026 Zoom: 0 \u00a0 \u00d7 Adaug\u0103 o nou\u0103 intrareSalveaz\u0103 toate schimb\u0103rileResetare\/Actualizare<\/p>\n","protected":false},"author":1,"featured_media":0,"parent":0,"menu_order":0,"comment_status":"closed","ping_status":"closed","template":"harta","meta":{"footnotes":""},"class_list":["post-13","page","type-page","status-publish","hentry"],"_links":{"self":[{"href":"https:\/\/topodata.gov.md\/index.php?rest_route=\/wp\/v2\/pages\/13","targetHints":{"allow":["GET"]}}],"collection":[{"href":"https:\/\/topodata.gov.md\/index.php?rest_route=\/wp\/v2\/pages"}],"about":[{"href":"https:\/\/topodata.gov.md\/index.php?rest_route=\/wp\/v2\/types\/page"}],"author":[{"embeddable":true,"href":"https:\/\/topodata.gov.md\/index.php?rest_route=\/wp\/v2\/users\/1"}],"replies":[{"embeddable":true,"href":"https:\/\/topodata.gov.md\/index.php?rest_route=%2Fwp%2Fv2%2Fcomments&post=13"}],"version-history":[{"count":263,"href":"https:\/\/topodata.gov.md\/index.php?rest_route=\/wp\/v2\/pages\/13\/revisions"}],"predecessor-version":[{"id":1546,"href":"https:\/\/topodata.gov.md\/index.php?rest_route=\/wp\/v2\/pages\/13\/revisions\/1546"}],"wp:attachment":[{"href":"https:\/\/topodata.gov.md\/index.php?rest_route=%2Fwp%2Fv2%2Fmedia&parent=13"}],"curies":[{"name":"wp","href":"https:\/\/api.w.org\/{rel}","templated":true}]}}