{"id":465,"date":"2025-01-20T16:16:52","date_gmt":"2025-01-20T13:16:52","guid":{"rendered":"https:\/\/toporegistru.publicvm.com\/?page_id=465"},"modified":"2026-03-20T09:36:25","modified_gmt":"2026-03-20T06:36:25","slug":"noutati","status":"publish","type":"page","link":"https:\/\/topodata.gov.md\/?page_id=465","title":{"rendered":"INFORMA\u021aII UTILE"},"content":{"rendered":"\n<div class=\"wp-block-group has-global-padding is-layout-constrained wp-block-group-is-layout-constrained\" style=\"padding-top:var(--wp--preset--spacing--20);padding-bottom:var(--wp--preset--spacing--20)\">\n<h2 class=\"wp-block-heading alignwide has-text-align-center has-fira-sans-font-family\"><span class=\"wp-rich-text-font-awesome-icon wp-font-awesome-icon\" data-transform=\"{}\"><svg aria-hidden=\"true\" focusable=\"false\" data-prefix=\"fas\" data-icon=\"circle-info\" class=\"svg-inline--fa fa-circle-info fa-fade \" role=\"img\" xmlns=\"http:\/\/www.w3.org\/2000\/svg\" viewBox=\"0 0 512 512\" style=\"font-size:1.5em\" color=\"#de6f05\"><path fill=\"currentColor\" d=\"M256 512A256 256 0 1 0 256 0a256 256 0 1 0 0 512zM216 336l24 0 0-64-24 0c-13.3 0-24-10.7-24-24s10.7-24 24-24l48 0c13.3 0 24 10.7 24 24l0 88 8 0c13.3 0 24 10.7 24 24s-10.7 24-24 24l-80 0c-13.3 0-24-10.7-24-24s10.7-24 24-24zm40-208a32 32 0 1 1 0 64 32 32 0 1 1 0-64z\"><\/path><\/svg><\/span> Ghiduri de utilizare<\/h2>\n\n\n\n<div class=\"wp-block-columns alignwide has-border-color has-custom-color-3-border-color is-layout-flex wp-container-core-columns-is-layout-15ff957c wp-block-columns-is-layout-flex\" style=\"border-width:1px;margin-top:var(--wp--preset--spacing--20);margin-bottom:var(--wp--preset--spacing--20);padding-top:var(--wp--preset--spacing--20);padding-bottom:var(--wp--preset--spacing--20);box-shadow:var(--wp--preset--shadow--shadow-1)\">\n<div class=\"wp-block-column is-vertically-aligned-center is-layout-flow wp-block-column-is-layout-flow\" style=\"flex-basis:10%\">\n<div class=\"wp-block-font-awesome-icon wp-font-awesome-icon\" style=\"display:flex;justify-content:center\"><svg aria-hidden=\"true\" focusable=\"false\" data-prefix=\"fas\" data-icon=\"file-lines\" class=\"svg-inline--fa fa-file-lines \" role=\"img\" xmlns=\"http:\/\/www.w3.org\/2000\/svg\" viewBox=\"0 0 384 512\" style=\"font-size:2.5em\" color=\"#0b89b0\"><path fill=\"currentColor\" d=\"M64 0C28.7 0 0 28.7 0 64L0 448c0 35.3 28.7 64 64 64l256 0c35.3 0 64-28.7 64-64l0-288-128 0c-17.7 0-32-14.3-32-32L224 0 64 0zM256 0l0 128 128 0L256 0zM112 256l160 0c8.8 0 16 7.2 16 16s-7.2 16-16 16l-160 0c-8.8 0-16-7.2-16-16s7.2-16 16-16zm0 64l160 0c8.8 0 16 7.2 16 16s-7.2 16-16 16l-160 0c-8.8 0-16-7.2-16-16s7.2-16 16-16zm0 64l160 0c8.8 0 16 7.2 16 16s-7.2 16-16 16l-160 0c-8.8 0-16-7.2-16-16s7.2-16 16-16z\"><\/path><\/svg><\/div>\n<\/div>\n\n\n\n<div class=\"wp-block-column is-vertically-aligned-center is-layout-flow wp-block-column-is-layout-flow\" style=\"flex-basis:70%\">\n<p class=\"has-text-align-center has-fira-sans-font-family\" style=\"font-size:clamp(0.875em, 0.875rem + ((1vw - 0.2em) * 0.208), 1em);\"><strong>Ghidul  furnizorului<\/strong> Sistemului Informational Geografic de Stat &#8222;Registrul de Stat al Lucrarilor Topogeodezice&#8221;<\/p>\n<\/div>\n\n\n\n<div class=\"wp-block-column is-vertically-aligned-center is-layout-flow wp-block-column-is-layout-flow\" style=\"flex-basis:20%\">\n<div class=\"wp-block-buttons is-layout-flex wp-block-buttons-is-layout-flex\">\n<div class=\"wp-block-button is-style-outline is-style-outline--1\"><a class=\"wp-block-button__link has-base-2-color has-custom-color-1-background-color has-text-color has-background has-link-color has-body-font-family wp-element-button\" href=\"https:\/\/topodata.gov.md\/wp-content\/uploads\/2026\/03\/Ghidul_furnizorului.pdf\" target=\"_blank\" rel=\"noreferrer noopener\">deschide documentul<\/a><\/div>\n<\/div>\n<\/div>\n<\/div>\n\n\n\n<div class=\"wp-block-columns alignwide has-border-color has-custom-color-3-border-color is-layout-flex wp-container-core-columns-is-layout-15ff957c wp-block-columns-is-layout-flex\" style=\"border-width:1px;margin-top:var(--wp--preset--spacing--20);margin-bottom:var(--wp--preset--spacing--20);padding-top:var(--wp--preset--spacing--20);padding-bottom:var(--wp--preset--spacing--20);box-shadow:var(--wp--preset--shadow--shadow-1)\">\n<div class=\"wp-block-column is-vertically-aligned-center is-layout-flow wp-block-column-is-layout-flow\" style=\"flex-basis:10%\">\n<div class=\"wp-block-font-awesome-icon wp-font-awesome-icon\" style=\"display:flex;justify-content:center\"><svg aria-hidden=\"true\" focusable=\"false\" data-prefix=\"fas\" data-icon=\"file-lines\" class=\"svg-inline--fa fa-file-lines \" role=\"img\" xmlns=\"http:\/\/www.w3.org\/2000\/svg\" viewBox=\"0 0 384 512\" style=\"font-size:2.5em\" color=\"#0b89b0\"><path fill=\"currentColor\" d=\"M64 0C28.7 0 0 28.7 0 64L0 448c0 35.3 28.7 64 64 64l256 0c35.3 0 64-28.7 64-64l0-288-128 0c-17.7 0-32-14.3-32-32L224 0 64 0zM256 0l0 128 128 0L256 0zM112 256l160 0c8.8 0 16 7.2 16 16s-7.2 16-16 16l-160 0c-8.8 0-16-7.2-16-16s7.2-16 16-16zm0 64l160 0c8.8 0 16 7.2 16 16s-7.2 16-16 16l-160 0c-8.8 0-16-7.2-16-16s7.2-16 16-16zm0 64l160 0c8.8 0 16 7.2 16 16s-7.2 16-16 16l-160 0c-8.8 0-16-7.2-16-16s7.2-16 16-16z\"><\/path><\/svg><\/div>\n<\/div>\n\n\n\n<div class=\"wp-block-column is-vertically-aligned-center is-layout-flow wp-block-column-is-layout-flow\" style=\"flex-basis:70%\">\n<p class=\"has-text-align-center has-fira-sans-font-family\" style=\"font-size:clamp(0.875em, 0.875rem + ((1vw - 0.2em) * 0.208), 1em);\"><strong>Ghidul registratorului<\/strong>  Sistemului Informational Geografic de Stat &#8222;Registrul de Stat al Lucrarilor Topogeodezice&#8221;<\/p>\n<\/div>\n\n\n\n<div class=\"wp-block-column is-vertically-aligned-center is-layout-flow wp-block-column-is-layout-flow\" style=\"flex-basis:20%\">\n<div class=\"wp-block-buttons is-layout-flex wp-block-buttons-is-layout-flex\">\n<div class=\"wp-block-button is-style-outline is-style-outline--2\"><a class=\"wp-block-button__link has-base-2-color has-custom-color-1-background-color has-text-color has-background has-link-color has-body-font-family wp-element-button\" href=\"https:\/\/topodata.gov.md\/wp-content\/uploads\/2026\/03\/Ghidul_registratorului_v2.pdf\">deschide documentul<\/a><\/div>\n<\/div>\n<\/div>\n<\/div>\n<\/div>\n\n\n\n<div class=\"wp-block-group has-global-padding is-layout-constrained wp-block-group-is-layout-constrained\" style=\"padding-top:var(--wp--preset--spacing--20);padding-bottom:var(--wp--preset--spacing--20)\">\n<h2 class=\"wp-block-heading alignwide has-text-align-center has-fira-sans-font-family\"><span class=\"wp-rich-text-font-awesome-icon wp-font-awesome-icon\" data-transform=\"{}\"><svg aria-hidden=\"true\" focusable=\"false\" data-prefix=\"fas\" data-icon=\"circle-info\" class=\"svg-inline--fa fa-circle-info fa-fade \" role=\"img\" xmlns=\"http:\/\/www.w3.org\/2000\/svg\" viewBox=\"0 0 512 512\" style=\"font-size:1.5em\" color=\"#de6f05\"><path fill=\"currentColor\" d=\"M256 512A256 256 0 1 0 256 0a256 256 0 1 0 0 512zM216 336l24 0 0-64-24 0c-13.3 0-24-10.7-24-24s10.7-24 24-24l48 0c13.3 0 24 10.7 24 24l0 88 8 0c13.3 0 24 10.7 24 24s-10.7 24-24 24l-80 0c-13.3 0-24-10.7-24-24s10.7-24 24-24zm40-208a32 32 0 1 1 0 64 32 32 0 1 1 0-64z\"><\/path><\/svg><\/span> Instruc\u021biuni \u0219i Regulamente<\/h2>\n\n\n\n<div class=\"wp-block-columns alignwide has-border-color has-custom-color-3-border-color is-layout-flex wp-container-core-columns-is-layout-15ff957c wp-block-columns-is-layout-flex\" style=\"border-width:1px;margin-top:var(--wp--preset--spacing--20);margin-bottom:var(--wp--preset--spacing--20);padding-top:var(--wp--preset--spacing--20);padding-bottom:var(--wp--preset--spacing--20);box-shadow:var(--wp--preset--shadow--shadow-1)\">\n<div class=\"wp-block-column is-vertically-aligned-center is-layout-flow wp-block-column-is-layout-flow\" style=\"flex-basis:10%\">\n<div class=\"wp-block-font-awesome-icon wp-font-awesome-icon\" style=\"display:flex;justify-content:center\"><svg aria-hidden=\"true\" focusable=\"false\" data-prefix=\"fas\" data-icon=\"file-lines\" class=\"svg-inline--fa fa-file-lines \" role=\"img\" xmlns=\"http:\/\/www.w3.org\/2000\/svg\" viewBox=\"0 0 384 512\" style=\"font-size:2.5em\" color=\"#0b89b0\"><path fill=\"currentColor\" d=\"M64 0C28.7 0 0 28.7 0 64L0 448c0 35.3 28.7 64 64 64l256 0c35.3 0 64-28.7 64-64l0-288-128 0c-17.7 0-32-14.3-32-32L224 0 64 0zM256 0l0 128 128 0L256 0zM112 256l160 0c8.8 0 16 7.2 16 16s-7.2 16-16 16l-160 0c-8.8 0-16-7.2-16-16s7.2-16 16-16zm0 64l160 0c8.8 0 16 7.2 16 16s-7.2 16-16 16l-160 0c-8.8 0-16-7.2-16-16s7.2-16 16-16zm0 64l160 0c8.8 0 16 7.2 16 16s-7.2 16-16 16l-160 0c-8.8 0-16-7.2-16-16s7.2-16 16-16z\"><\/path><\/svg><\/div>\n<\/div>\n\n\n\n<div class=\"wp-block-column is-vertically-aligned-center is-layout-flow wp-block-column-is-layout-flow\" style=\"flex-basis:70%\">\n<p class=\"has-text-align-center has-fira-sans-font-family\" style=\"font-size:clamp(0.875em, 0.875rem + ((1vw - 0.2em) * 0.208), 1em);\"><strong>Instruc\u021biune<\/strong> privind procedura de \u00eenregistrare a lucr\u0103rilor topogeodezice \u00een Sistemul Informa\u021bional Geografic de Stat &#8222;Registrul de Stat al Lucrarilor Topogeodezice&#8221;<\/p>\n<\/div>\n\n\n\n<div class=\"wp-block-column is-vertically-aligned-center is-layout-flow wp-block-column-is-layout-flow\" style=\"flex-basis:20%\">\n<div class=\"wp-block-buttons is-layout-flex wp-block-buttons-is-layout-flex\">\n<div class=\"wp-block-button is-style-outline is-style-outline--3\"><a class=\"wp-block-button__link has-base-2-color has-custom-color-1-background-color has-text-color has-background has-link-color has-body-font-family wp-element-button\" href=\"https:\/\/www.legis.md\/cautare\/getResults?doc_id=153005&amp;lang=ro\" target=\"_blank\" rel=\"noreferrer noopener\">deschide documentul<\/a><\/div>\n<\/div>\n<\/div>\n<\/div>\n\n\n\n<div class=\"wp-block-columns alignwide has-border-color has-custom-color-3-border-color is-layout-flex wp-container-core-columns-is-layout-15ff957c wp-block-columns-is-layout-flex\" style=\"border-width:1px;margin-top:var(--wp--preset--spacing--20);margin-bottom:var(--wp--preset--spacing--20);padding-top:var(--wp--preset--spacing--20);padding-bottom:var(--wp--preset--spacing--20);box-shadow:var(--wp--preset--shadow--shadow-1)\">\n<div class=\"wp-block-column is-vertically-aligned-center is-layout-flow wp-block-column-is-layout-flow\" style=\"flex-basis:10%\">\n<div class=\"wp-block-font-awesome-icon wp-font-awesome-icon\" style=\"display:flex;justify-content:center\"><svg aria-hidden=\"true\" focusable=\"false\" data-prefix=\"fas\" data-icon=\"file-lines\" class=\"svg-inline--fa fa-file-lines \" role=\"img\" xmlns=\"http:\/\/www.w3.org\/2000\/svg\" viewBox=\"0 0 384 512\" style=\"font-size:2.5em\" color=\"#0b89b0\"><path fill=\"currentColor\" d=\"M64 0C28.7 0 0 28.7 0 64L0 448c0 35.3 28.7 64 64 64l256 0c35.3 0 64-28.7 64-64l0-288-128 0c-17.7 0-32-14.3-32-32L224 0 64 0zM256 0l0 128 128 0L256 0zM112 256l160 0c8.8 0 16 7.2 16 16s-7.2 16-16 16l-160 0c-8.8 0-16-7.2-16-16s7.2-16 16-16zm0 64l160 0c8.8 0 16 7.2 16 16s-7.2 16-16 16l-160 0c-8.8 0-16-7.2-16-16s7.2-16 16-16zm0 64l160 0c8.8 0 16 7.2 16 16s-7.2 16-16 16l-160 0c-8.8 0-16-7.2-16-16s7.2-16 16-16z\"><\/path><\/svg><\/div>\n<\/div>\n\n\n\n<div class=\"wp-block-column is-vertically-aligned-center is-layout-flow wp-block-column-is-layout-flow\" style=\"flex-basis:70%\">\n<p class=\"has-text-align-center has-fira-sans-font-family\" style=\"font-size:clamp(0.875em, 0.875rem + ((1vw - 0.2em) * 0.208), 1em);\"><strong>Regulament<\/strong> cu privire la modalitatea de \u021binere a Registrului de Stat al Lucrarilor Topogeodezice, inclusiv mecanismul de \u00eenregistrare \u0219i eliberare a informa\u021biei din Registru<\/p>\n<\/div>\n\n\n\n<div class=\"wp-block-column is-vertically-aligned-center is-layout-flow wp-block-column-is-layout-flow\" style=\"flex-basis:20%\">\n<div class=\"wp-block-buttons is-layout-flex wp-block-buttons-is-layout-flex\">\n<div class=\"wp-block-button is-style-outline is-style-outline--4\"><a class=\"wp-block-button__link has-base-2-color has-custom-color-1-background-color has-text-color has-background has-link-color has-body-font-family wp-element-button\" href=\"https:\/\/www.legis.md\/cautare\/getResults?doc_id=152912&amp;lang=ro\">deschide documentul<\/a><\/div>\n<\/div>\n<\/div>\n<\/div>\n<\/div>\n\n\n\n<div class=\"wp-block-group alignfull has-base-color has-base-2-background-color has-text-color has-background has-link-color has-fira-sans-font-family wp-elements-3084f1da7b6e16aa998cc91dc458b511 has-global-padding is-layout-constrained wp-container-core-group-is-layout-d5d53815 wp-block-group-is-layout-constrained\" style=\"margin-top:0;margin-bottom:0;padding-top:var(--wp--preset--spacing--30);padding-right:var(--wp--preset--spacing--30);padding-bottom:var(--wp--preset--spacing--30);padding-left:var(--wp--preset--spacing--30);font-size:clamp(0.875em, 0.875rem + ((1vw - 0.2em) * 0.208), 1em);\">\n<h2 class=\"wp-block-heading alignwide has-text-align-center has-fira-sans-font-family\"><span class=\"wp-rich-text-font-awesome-icon wp-font-awesome-icon\"><svg aria-hidden=\"true\" focusable=\"false\" data-prefix=\"fas\" data-icon=\"circle-question\" class=\"svg-inline--fa fa-circle-question fa-fade \" role=\"img\" xmlns=\"http:\/\/www.w3.org\/2000\/svg\" viewBox=\"0 0 512 512\" style=\"font-size:1.5em\" color=\"#de6f05\"><path fill=\"currentColor\" d=\"M256 512A256 256 0 1 0 256 0a256 256 0 1 0 0 512zM169.8 165.3c7.9-22.3 29.1-37.3 52.8-37.3l58.3 0c34.9 0 63.1 28.3 63.1 63.1c0 22.6-12.1 43.5-31.7 54.8L280 264.4c-.2 13-10.9 23.6-24 23.6c-13.3 0-24-10.7-24-24l0-13.5c0-8.6 4.6-16.5 12.1-20.8l44.3-25.4c4.7-2.7 7.6-7.7 7.6-13.1c0-8.4-6.8-15.1-15.1-15.1l-58.3 0c-3.4 0-6.4 2.1-7.5 5.3l-.4 1.2c-4.4 12.5-18.2 19-30.6 14.6s-19-18.2-14.6-30.6l.4-1.2zM224 352a32 32 0 1 1 64 0 32 32 0 1 1 -64 0z\"><\/path><\/svg><\/span> \u00centreb\u0103ri frecvente<\/h2>\n\n\n\n<div style=\"height:50px\" aria-hidden=\"true\" class=\"wp-block-spacer\"><\/div>\n\n\n\n<div class=\"wp-block-group alignwide has-fira-sans-font-family is-layout-flow wp-block-group-is-layout-flow\">\n<h3 class=\"wp-block-heading alignwide has-custom-color-1-color has-text-color has-link-color has-fira-sans-font-family wp-elements-8b26010e9672c1d1625c4274db36cfbd\" id=\"Intrebari\" style=\"font-size:clamp(16.293px, 1.018rem + ((1vw - 3.2px) * 0.907), 25px);\">Ce tipuri de lucr\u0103ri sunt \u00eenregistrate \u00een registru?<\/h3>\n\n\n\n<p class=\"has-contrast-color has-text-color has-link-color wp-elements-bfea94d5f5a0d78c3ac0aa9560adf2db\" style=\"font-size:clamp(0.875em, 0.875rem + ((1vw - 0.2em) * 0.208), 1em);\">\u00cen Registru sunt \u00eenregistrate toate <strong>lucr\u0103rile topogeodezice<\/strong> efectuate de persoane fizice sau juridice autorizate, respectiv:<\/p>\n\n\n\n<ul class=\"wp-block-list is-style-checkmark-list\">\n<li>ridic\u0103ri de recep\u021bie final\u0103, \u00eempreun\u0103 cu <strong>actul lucr\u0103rii topogeodezice<\/strong> \u0219i fi\u0219ierele aferente.<\/li>\n\n\n\n<li>ridic\u0103ri pentru proiectare,<\/li>\n\n\n\n<li>ridic\u0103ri pentru obiecte liniare,<\/li>\n\n\n\n<li>ridic\u0103ri de execu\u021bie (control),<\/li>\n<\/ul>\n\n\n\n<hr class=\"wp-block-separator has-text-color has-custom-color-3-color has-alpha-channel-opacity has-custom-color-3-background-color has-background is-style-wide\" style=\"margin-top:var(--wp--preset--spacing--30);margin-bottom:var(--wp--preset--spacing--30)\"\/>\n\n\n\n<h3 class=\"wp-block-heading alignwide has-custom-color-1-color has-text-color has-link-color has-fira-sans-font-family wp-elements-f74ea223709e86be0e749ebec8303cc8\" style=\"font-size:clamp(16.293px, 1.018rem + ((1vw - 3.2px) * 0.907), 25px);\">Ce trebuie s\u0103 fac\u0103 registratorul dac\u0103 indentific\u0103 erori  \u00een procesul de verificare?<\/h3>\n\n\n\n<p><\/p>\n\n\n\n<ul class=\"wp-block-list is-style-checkmark-list\">\n<li>Registratorul <strong>verific\u0103<\/strong> documenta\u021bia depus\u0103 conform cerin\u021belor Registrului.<\/li>\n\n\n\n<li><strong>Notificarea autorului lucr\u0103rii<\/strong>. Registratorul <strong>trimite o notificare oficial\u0103<\/strong> c\u0103tre persoana fizic\u0103 sau juridic\u0103 care a depus documenta\u021bia, indic\u00e2nd clar natura erorii \u0219i solicit\u00e2nd corectarea acesteia.<\/li>\n\n\n\n<li><strong>Suspendarea \u00eenregistr\u0103rii temporare<\/strong>. Dac\u0103 eroarea este semnificativ\u0103, registratorul poate <strong>suspenda \u00eenregistrarea<\/strong> p\u00e2n\u0103 la remediere, pentru a preveni introducerea de date incorecte \u00een Registru.<\/li>\n\n\n\n<li>ridic\u0103ri de execu\u021bie (control),<\/li>\n\n\n\n<li><strong>Corectarea documenta\u021biei<\/strong>.Autorul lucr\u0103rii remediaz\u0103 eroarea \u0219i retransmite documenta\u021bia corectat\u0103.<\/li>\n\n\n\n<li>Registratorul <strong>realizeaz\u0103 verificarea repetat\u0103 a documenta\u021biei corectate<\/strong> \u0219i re\u00eenc\u0103rcat\u0103. Dac\u0103 modific\u0103rile sunt conforme, \u00eenregistrarea \u00een Registru poate fi finalizat\u0103 de c\u0103tre registrator.<\/li>\n\n\n\n<li><strong>Documentarea procesului<\/strong>. Toate ac\u021biunile legate de identificarea \u0219i remedierea erorilor sunt <strong>\u00eenregistrate \u00een jurnalul Registrului<\/strong>, pentru transparen\u021b\u0103 \u0219i audit.<\/li>\n<\/ul>\n\n\n\n<p class=\"has-contrast-color has-text-color has-link-color wp-elements-f646f119d329f4b11412ba5b9c40f361\" style=\"font-size:clamp(0.875em, 0.875rem + ((1vw - 0.2em) * 0.208), 1em);\"><\/p>\n\n\n\n<hr class=\"wp-block-separator has-text-color has-custom-color-1-color has-alpha-channel-opacity has-custom-color-1-background-color has-background is-style-wide\" style=\"margin-top:var(--wp--preset--spacing--30);margin-bottom:var(--wp--preset--spacing--30)\"\/>\n\n\n\n<h3 class=\"wp-block-heading alignwide has-custom-color-1-color has-text-color has-link-color has-body-font-family wp-elements-a40ab34bf51f15114e5240df719aa3ce\" style=\"font-size:clamp(16.293px, 1.018rem + ((1vw - 3.2px) * 0.907), 25px);\">Cum pute\u021bi accesa \u0219i utiliza datele topografice colectate?<\/h3>\n\n\n\n<p><\/p>\n\n\n\n<ul class=\"wp-block-list is-style-checkmark-list\">\n<li><strong>Utilizatorii simpli:<\/strong> pot s\u0103 vizualizeze ce ridic\u0103ri topogeodezice au fost efectuate \u00een con\u021binutul de HARTA<\/li>\n\n\n\n<li><strong>Topografi \u00eenregistra\u021bi:<\/strong> prin <strong>login \u0219i parol\u0103<\/strong> pot accesa harta cu toate lucr\u0103rile topografice \u00eenregistrate, inclusiv <strong>informa\u021bii detaliate<\/strong> despre fiecare lucrare.<\/li>\n\n\n\n<li><strong>Public\/general (ne\u00eenregistra\u021bi):<\/strong> va fi disponibil\u0103 o <strong>hart\u0103 cu informa\u021bii minimale<\/strong>, care arat\u0103 doar zonele unde s-au efectuat ridic\u0103ri topogeodezice, f\u0103r\u0103 date detaliate.<\/li>\n<\/ul>\n\n\n\n<hr class=\"wp-block-separator has-text-color has-custom-color-3-color has-alpha-channel-opacity has-custom-color-3-background-color has-background is-style-wide\" style=\"margin-top:var(--wp--preset--spacing--30);margin-bottom:var(--wp--preset--spacing--30)\"\/>\n\n\n\n<h3 class=\"wp-block-heading alignwide has-custom-color-1-color has-text-color has-link-color has-body-font-family wp-elements-3195b7b4d886a1bab7f41775804b2b2b\" style=\"font-size:clamp(16.293px, 1.018rem + ((1vw - 3.2px) * 0.907), 25px);\">Cum se desf\u0103\u0219oar\u0103 procesul de \u00eenregistrare a lucr\u0103rilor topogeodezice?<\/h3>\n\n\n\n<p class=\"has-contrast-1-color has-text-color has-link-color wp-elements-fa2af9ff7cf34723740e0a1071121dc4\" style=\"font-size:clamp(0.875em, 0.875rem + ((1vw - 0.2em) * 0.208), 1em);\">\u00centreg proces de \u00eenregistrare a lucr\u0103rilor topogeodezice este explicat \u00een &#8222;<strong>Ghidul de utilizare a portalului RLTG de c\u0103tre furnizorii de date<\/strong>&#8221; care poate fi accesat \u00een sec\u021biunea <strong>Ghiduri de utilizare<\/strong>.<\/p>\n\n\n\n<div style=\"margin-top:var(--wp--preset--spacing--10);margin-bottom:0;height:var(--wp--preset--spacing--10)\" aria-hidden=\"true\" class=\"wp-block-spacer\"><\/div>\n\n\n\n<hr class=\"wp-block-separator has-text-color has-custom-color-3-color has-alpha-channel-opacity has-custom-color-3-background-color has-background is-style-wide\" style=\"margin-top:var(--wp--preset--spacing--30);margin-bottom:var(--wp--preset--spacing--30)\"\/>\n\n\n\n\n<\/div>\n<\/div>\n","protected":false},"excerpt":{"rendered":"<p>Ghiduri de utilizare Ghidul furnizorului Sistemului Informational Geografic de Stat &#8222;Registrul de Stat al Lucrarilor Topogeodezice&#8221; Ghidul registratorului Sistemului Informational Geografic de Stat &#8222;Registrul de Stat al Lucrarilor Topogeodezice&#8221; Instruc\u021biuni \u0219i Regulamente Instruc\u021biune privind procedura de \u00eenregistrare a lucr\u0103rilor topogeodezice \u00een Sistemul Informa\u021bional Geografic de Stat &#8222;Registrul de Stat al Lucrarilor Topogeodezice&#8221; Regulament cu privire [&hellip;]<\/p>\n","protected":false},"author":1,"featured_media":0,"parent":0,"menu_order":0,"comment_status":"closed","ping_status":"closed","template":"","meta":{"footnotes":""},"class_list":["post-465","page","type-page","status-publish","hentry"],"_links":{"self":[{"href":"https:\/\/topodata.gov.md\/index.php?rest_route=\/wp\/v2\/pages\/465","targetHints":{"allow":["GET"]}}],"collection":[{"href":"https:\/\/topodata.gov.md\/index.php?rest_route=\/wp\/v2\/pages"}],"about":[{"href":"https:\/\/topodata.gov.md\/index.php?rest_route=\/wp\/v2\/types\/page"}],"author":[{"embeddable":true,"href":"https:\/\/topodata.gov.md\/index.php?rest_route=\/wp\/v2\/users\/1"}],"replies":[{"embeddable":true,"href":"https:\/\/topodata.gov.md\/index.php?rest_route=%2Fwp%2Fv2%2Fcomments&post=465"}],"version-history":[{"count":88,"href":"https:\/\/topodata.gov.md\/index.php?rest_route=\/wp\/v2\/pages\/465\/revisions"}],"predecessor-version":[{"id":2200,"href":"https:\/\/topodata.gov.md\/index.php?rest_route=\/wp\/v2\/pages\/465\/revisions\/2200"}],"wp:attachment":[{"href":"https:\/\/topodata.gov.md\/index.php?rest_route=%2Fwp%2Fv2%2Fmedia&parent=465"}],"curies":[{"name":"wp","href":"https:\/\/api.w.org\/{rel}","templated":true}]}}